{"id":16333,"date":"2023-12-25T22:30:46","date_gmt":"2023-12-25T20:30:46","guid":{"rendered":"https:\/\/polygone-pro.controlc.website\/rechtliche-hinweise"},"modified":"2025-11-14T15:21:44","modified_gmt":"2025-11-14T13:21:44","slug":"rechtliche-hinweise","status":"publish","type":"page","link":"https:\/\/polygone.lu\/de\/rechtliche-hinweise","title":{"rendered":"Rechtliche Hinweise"},"content":{"rendered":"\t\t<div data-elementor-type=\"wp-page\" data-elementor-id=\"16333\" class=\"elementor elementor-16333 elementor-101\" data-elementor-post-type=\"page\">\n\t\t\t\t<div class=\"elementor-element elementor-element-1be00cf e-flex e-con-boxed e-con e-parent\" data-id=\"1be00cf\" data-element_type=\"container\" data-settings=\"{&quot;jet_parallax_layout_list&quot;:[],&quot;background_background&quot;:&quot;classic&quot;}\">\n\t\t\t\t\t<div class=\"e-con-inner\">\n\t\t\t\t\t<\/div>\n\t\t\t\t<\/div>\n\t\t<div class=\"elementor-element elementor-element-996567e e-flex e-con-boxed e-con e-parent\" data-id=\"996567e\" data-element_type=\"container\" data-settings=\"{&quot;jet_parallax_layout_list&quot;:[]}\">\n\t\t\t\t\t<div class=\"e-con-inner\">\n\t\t\t\t<div class=\"elementor-element elementor-element-c485996 elementor-widget elementor-widget-text-editor\" data-id=\"c485996\" data-element_type=\"widget\" data-widget_type=\"text-editor.default\">\n\t\t\t\t<div class=\"elementor-widget-container\">\n\t\t\t\t\t\t\t\t\t<h2 data-fontsize=\"18\" data-lineheight=\"27px\">Rechtliche Informationen<\/h2><p><strong>Eigent\u00fcmer<\/strong>: Polygone &#8211; S.\u00e0r.l. &#8211; 37, Rue de la Gare L-7535 Mersch<br><span style=\"font-weight: bolder;\">Umsatzsteuer-Identifikationsnummer: <\/span>LU11294302<br><span style=\"font-weight: bolder;\">RC : <\/span>B18095<br><strong style=\"color: var( --e-global-color-secondary );\"><br>Verantwortlich f\u00fcr die Ver\u00f6ffentlichung<\/strong><span style=\"color: var( --e-global-color-secondary );\"> Marketing Polygone &#8211; <a href=\"mailto:marketing@polygone.lu\">marketing@polygone.lu<\/a><br><\/span><strong style=\"color: var( --e-global-color-secondary );\">Verantwortlich f\u00fcr die Webseite<\/strong><span style=\"color: var( --e-global-color-secondary );\"> : ControlC &#8211; <a href=\"mailto:julien.bernier@controlc.io\">julien.bernier@controlc.io<\/a><br><\/span><strong style=\"color: var( --e-global-color-secondary );\">Hosting<\/strong><span style=\"color: var( --e-global-color-secondary );\"> : Visual Online <\/span><a style=\"background-color: #ffffff;\" href=\"https:\/\/www.vo.lu\/\">https:\/\/www.vo.lu\/<\/a><span style=\"color: var( --e-global-color-secondary );\">&#8211; Z.I. Weiergewan 6, rue Goell L-5326 Contern<\/span><\/p>\t\t\t\t\t\t\t\t<\/div>\n\t\t\t\t<\/div>\n\t\t\t\t<div class=\"elementor-element elementor-element-c9d174c elementor-widget-divider--view-line elementor-widget elementor-widget-divider\" data-id=\"c9d174c\" data-element_type=\"widget\" data-widget_type=\"divider.default\">\n\t\t\t\t<div class=\"elementor-widget-container\">\n\t\t\t\t\t\t\t<div class=\"elementor-divider\">\n\t\t\t<span class=\"elementor-divider-separator\">\n\t\t\t\t\t\t<\/span>\n\t\t<\/div>\n\t\t\t\t\t\t<\/div>\n\t\t\t\t<\/div>\n\t\t\t\t\t<\/div>\n\t\t\t\t<\/div>\n\t\t\t\t<\/div>\n\t\t","protected":false},"excerpt":{"rendered":"<p>Rechtliche Informationen Eigent\u00fcmer: Polygone &#8211; S.\u00e0r.l. &#8211; 37, Rue de la Gare L-7535 MerschUmsatzsteuer-Identifikationsnummer: LU11294302RC : B18095Verantwortlich f\u00fcr die Ver\u00f6ffentlichung Marketing Polygone &#8211; marketing@polygone.luVerantwortlich f\u00fcr die Webseite : ControlC &#8211; julien.bernier@controlc.ioHosting : Visual Online https:\/\/www.vo.lu\/&#8211; Z.I. Weiergewan 6, rue Goell L-5326 Contern<\/p>\n","protected":false},"author":1,"featured_media":0,"parent":0,"menu_order":0,"comment_status":"closed","ping_status":"closed","template":"","meta":{"footnotes":""},"class_list":["post-16333","page","type-page","status-publish","hentry"],"yoast_head":"<!-- This site is optimized with the Yoast SEO plugin v26.7 - https:\/\/yoast.com\/wordpress\/plugins\/seo\/ -->\n<title>Rechtliche Hinweise - Polygone<\/title>\n<meta name=\"description\" content=\"Lesen Sie unsere rechtlichen Hinweise. Erfahren Sie mehr \u00fcber unsere rechtlichen Verpflichtungen und den Schutz Ihrer Daten auf der Polygone-Website.\" \/>\n<meta name=\"robots\" content=\"index, follow, max-snippet:-1, max-image-preview:large, max-video-preview:-1\" \/>\n<meta property=\"og:locale\" content=\"de_DE\" \/>\n<meta property=\"og:type\" content=\"article\" \/>\n<meta property=\"og:title\" content=\"Rechtliche Hinweise - Polygone\" \/>\n<meta property=\"og:description\" content=\"Lesen Sie unsere rechtlichen Hinweise. Erfahren Sie mehr \u00fcber unsere rechtlichen Verpflichtungen und den Schutz Ihrer Daten auf der Polygone-Website.\" \/>\n<meta property=\"og:url\" content=\"https:\/\/polygone.lu\/de\/rechtliche-hinweise\" \/>\n<meta property=\"og:site_name\" content=\"Polygone\" \/>\n<meta property=\"article:publisher\" content=\"https:\/\/www.facebook.com\/profile.php?id=100063632797610\" \/>\n<meta property=\"article:modified_time\" content=\"2025-11-14T13:21:44+00:00\" \/>\n<meta property=\"og:image\" content=\"https:\/\/polygone.lu\/wp-content\/uploads\/2024\/03\/Logo-Polygone.jpg\" \/>\n\t<meta property=\"og:image:width\" content=\"500\" \/>\n\t<meta property=\"og:image:height\" content=\"333\" \/>\n\t<meta property=\"og:image:type\" content=\"image\/jpeg\" \/>\n<meta name=\"twitter:card\" content=\"summary_large_image\" \/>\n<script type=\"application\/ld+json\" class=\"yoast-schema-graph\">{\"@context\":\"https:\/\/schema.org\",\"@graph\":[{\"@type\":\"WebPage\",\"@id\":\"https:\/\/polygone.lu\/de\/rechtliche-hinweise\",\"url\":\"https:\/\/polygone.lu\/de\/rechtliche-hinweise\",\"name\":\"Rechtliche Hinweise - Polygone\",\"isPartOf\":{\"@id\":\"https:\/\/polygone.lu\/de#website\"},\"datePublished\":\"2023-12-25T20:30:46+00:00\",\"dateModified\":\"2025-11-14T13:21:44+00:00\",\"description\":\"Lesen Sie unsere rechtlichen Hinweise. Erfahren Sie mehr \u00fcber unsere rechtlichen Verpflichtungen und den Schutz Ihrer Daten auf der Polygone-Website.\",\"breadcrumb\":{\"@id\":\"https:\/\/polygone.lu\/de\/rechtliche-hinweise#breadcrumb\"},\"inLanguage\":\"de\",\"potentialAction\":[{\"@type\":\"ReadAction\",\"target\":[\"https:\/\/polygone.lu\/de\/rechtliche-hinweise\"]}]},{\"@type\":\"BreadcrumbList\",\"@id\":\"https:\/\/polygone.lu\/de\/rechtliche-hinweise#breadcrumb\",\"itemListElement\":[{\"@type\":\"ListItem\",\"position\":1,\"name\":\"Accueil\",\"item\":\"https:\/\/polygone.lu\/de\/startseite\"},{\"@type\":\"ListItem\",\"position\":2,\"name\":\"Rechtliche Hinweise\"}]},{\"@type\":\"WebSite\",\"@id\":\"https:\/\/polygone.lu\/de#website\",\"url\":\"https:\/\/polygone.lu\/de\",\"name\":\"Polygone\",\"description\":\"Des m\u00e9tiers, des id\u00e9es, un engagement\",\"publisher\":{\"@id\":\"https:\/\/polygone.lu\/de#organization\"},\"potentialAction\":[{\"@type\":\"SearchAction\",\"target\":{\"@type\":\"EntryPoint\",\"urlTemplate\":\"https:\/\/polygone.lu\/de?s={search_term_string}\"},\"query-input\":{\"@type\":\"PropertyValueSpecification\",\"valueRequired\":true,\"valueName\":\"search_term_string\"}}],\"inLanguage\":\"de\"},{\"@type\":\"Organization\",\"@id\":\"https:\/\/polygone.lu\/de#organization\",\"name\":\"Polygone\",\"url\":\"https:\/\/polygone.lu\/de\",\"logo\":{\"@type\":\"ImageObject\",\"inLanguage\":\"de\",\"@id\":\"https:\/\/polygone.lu\/de#\/schema\/logo\/image\/\",\"url\":\"https:\/\/polygone.lu\/wp-content\/uploads\/2023\/12\/Polygone-Logo.jpg\",\"contentUrl\":\"https:\/\/polygone.lu\/wp-content\/uploads\/2023\/12\/Polygone-Logo.jpg\",\"width\":550,\"height\":117,\"caption\":\"Polygone\"},\"image\":{\"@id\":\"https:\/\/polygone.lu\/de#\/schema\/logo\/image\/\"},\"sameAs\":[\"https:\/\/www.facebook.com\/profile.php?id=100063632797610\",\"https:\/\/www.linkedin.com\/company\/polygoneluxembourg\/\"]}]}<\/script>\n<!-- \/ Yoast SEO plugin. -->","yoast_head_json":{"title":"Rechtliche Hinweise - Polygone","description":"Lesen Sie unsere rechtlichen Hinweise. Erfahren Sie mehr \u00fcber unsere rechtlichen Verpflichtungen und den Schutz Ihrer Daten auf der Polygone-Website.","robots":{"index":"index","follow":"follow","max-snippet":"max-snippet:-1","max-image-preview":"max-image-preview:large","max-video-preview":"max-video-preview:-1"},"og_locale":"de_DE","og_type":"article","og_title":"Rechtliche Hinweise - Polygone","og_description":"Lesen Sie unsere rechtlichen Hinweise. Erfahren Sie mehr \u00fcber unsere rechtlichen Verpflichtungen und den Schutz Ihrer Daten auf der Polygone-Website.","og_url":"https:\/\/polygone.lu\/de\/rechtliche-hinweise","og_site_name":"Polygone","article_publisher":"https:\/\/www.facebook.com\/profile.php?id=100063632797610","article_modified_time":"2025-11-14T13:21:44+00:00","og_image":[{"width":500,"height":333,"url":"https:\/\/polygone.lu\/wp-content\/uploads\/2024\/03\/Logo-Polygone.jpg","type":"image\/jpeg"}],"twitter_card":"summary_large_image","schema":{"@context":"https:\/\/schema.org","@graph":[{"@type":"WebPage","@id":"https:\/\/polygone.lu\/de\/rechtliche-hinweise","url":"https:\/\/polygone.lu\/de\/rechtliche-hinweise","name":"Rechtliche Hinweise - Polygone","isPartOf":{"@id":"https:\/\/polygone.lu\/de#website"},"datePublished":"2023-12-25T20:30:46+00:00","dateModified":"2025-11-14T13:21:44+00:00","description":"Lesen Sie unsere rechtlichen Hinweise. Erfahren Sie mehr \u00fcber unsere rechtlichen Verpflichtungen und den Schutz Ihrer Daten auf der Polygone-Website.","breadcrumb":{"@id":"https:\/\/polygone.lu\/de\/rechtliche-hinweise#breadcrumb"},"inLanguage":"de","potentialAction":[{"@type":"ReadAction","target":["https:\/\/polygone.lu\/de\/rechtliche-hinweise"]}]},{"@type":"BreadcrumbList","@id":"https:\/\/polygone.lu\/de\/rechtliche-hinweise#breadcrumb","itemListElement":[{"@type":"ListItem","position":1,"name":"Accueil","item":"https:\/\/polygone.lu\/de\/startseite"},{"@type":"ListItem","position":2,"name":"Rechtliche Hinweise"}]},{"@type":"WebSite","@id":"https:\/\/polygone.lu\/de#website","url":"https:\/\/polygone.lu\/de","name":"Polygone","description":"Des m\u00e9tiers, des id\u00e9es, un engagement","publisher":{"@id":"https:\/\/polygone.lu\/de#organization"},"potentialAction":[{"@type":"SearchAction","target":{"@type":"EntryPoint","urlTemplate":"https:\/\/polygone.lu\/de?s={search_term_string}"},"query-input":{"@type":"PropertyValueSpecification","valueRequired":true,"valueName":"search_term_string"}}],"inLanguage":"de"},{"@type":"Organization","@id":"https:\/\/polygone.lu\/de#organization","name":"Polygone","url":"https:\/\/polygone.lu\/de","logo":{"@type":"ImageObject","inLanguage":"de","@id":"https:\/\/polygone.lu\/de#\/schema\/logo\/image\/","url":"https:\/\/polygone.lu\/wp-content\/uploads\/2023\/12\/Polygone-Logo.jpg","contentUrl":"https:\/\/polygone.lu\/wp-content\/uploads\/2023\/12\/Polygone-Logo.jpg","width":550,"height":117,"caption":"Polygone"},"image":{"@id":"https:\/\/polygone.lu\/de#\/schema\/logo\/image\/"},"sameAs":["https:\/\/www.facebook.com\/profile.php?id=100063632797610","https:\/\/www.linkedin.com\/company\/polygoneluxembourg\/"]}]}},"_links":{"self":[{"href":"https:\/\/polygone.lu\/de\/wp-json\/wp\/v2\/pages\/16333","targetHints":{"allow":["GET"]}}],"collection":[{"href":"https:\/\/polygone.lu\/de\/wp-json\/wp\/v2\/pages"}],"about":[{"href":"https:\/\/polygone.lu\/de\/wp-json\/wp\/v2\/types\/page"}],"author":[{"embeddable":true,"href":"https:\/\/polygone.lu\/de\/wp-json\/wp\/v2\/users\/1"}],"replies":[{"embeddable":true,"href":"https:\/\/polygone.lu\/de\/wp-json\/wp\/v2\/comments?post=16333"}],"version-history":[{"count":2,"href":"https:\/\/polygone.lu\/de\/wp-json\/wp\/v2\/pages\/16333\/revisions"}],"predecessor-version":[{"id":18365,"href":"https:\/\/polygone.lu\/de\/wp-json\/wp\/v2\/pages\/16333\/revisions\/18365"}],"wp:attachment":[{"href":"https:\/\/polygone.lu\/de\/wp-json\/wp\/v2\/media?parent=16333"}],"curies":[{"name":"wp","href":"https:\/\/api.w.org\/{rel}","templated":true}]}}