{"id":16347,"date":"2023-12-26T20:58:06","date_gmt":"2023-12-26T18:58:06","guid":{"rendered":"https:\/\/polygone-pro.controlc.website\/broschueren"},"modified":"2026-02-19T13:31:02","modified_gmt":"2026-02-19T11:31:02","slug":"broschueren","status":"publish","type":"page","link":"https:\/\/polygone.lu\/de\/broschueren","title":{"rendered":"Brosch\u00fcren"},"content":{"rendered":"\t\t<div data-elementor-type=\"wp-page\" data-elementor-id=\"16347\" class=\"elementor elementor-16347 elementor-349\" data-elementor-post-type=\"page\">\n\t\t\t\t<div class=\"elementor-element elementor-element-a62de1f e-flex e-con-boxed e-con e-parent\" data-id=\"a62de1f\" data-element_type=\"container\" data-settings=\"{&quot;jet_parallax_layout_list&quot;:[],&quot;background_background&quot;:&quot;classic&quot;}\">\n\t\t\t\t\t<div class=\"e-con-inner\">\n\t\t<div class=\"elementor-element elementor-element-f5076e7 e-con-full e-flex e-con e-child\" data-id=\"f5076e7\" data-element_type=\"container\" data-settings=\"{&quot;jet_parallax_layout_list&quot;:[]}\">\n\t\t\t\t<div class=\"elementor-element elementor-element-ac6fe42 elementor-widget elementor-widget-image\" data-id=\"ac6fe42\" data-element_type=\"widget\" data-widget_type=\"image.default\">\n\t\t\t\t<div class=\"elementor-widget-container\">\n\t\t\t\t\t\t\t\t\t\t\t\t\t\t\t<img fetchpriority=\"high\" decoding=\"async\" width=\"750\" height=\"1000\" src=\"https:\/\/polygone.lu\/wp-content\/uploads\/2024\/02\/brochure-polygone-1.png\" class=\"attachment-large size-large wp-image-15850\" alt=\"brochure polygone\" srcset=\"https:\/\/polygone.lu\/wp-content\/uploads\/2024\/02\/brochure-polygone-1.png 750w, https:\/\/polygone.lu\/wp-content\/uploads\/2024\/02\/brochure-polygone-1-225x300.png 225w\" sizes=\"(max-width: 750px) 100vw, 750px\" \/>\t\t\t\t\t\t\t\t\t\t\t\t\t\t\t<\/div>\n\t\t\t\t<\/div>\n\t\t\t\t<\/div>\n\t\t<div class=\"elementor-element elementor-element-5f89421 e-con-full e-flex e-con e-child\" data-id=\"5f89421\" data-element_type=\"container\" data-settings=\"{&quot;jet_parallax_layout_list&quot;:[],&quot;background_background&quot;:&quot;classic&quot;}\">\n\t\t\t\t<div class=\"elementor-element elementor-element-7fb3857 elementor-widget elementor-widget-heading\" data-id=\"7fb3857\" data-element_type=\"widget\" data-widget_type=\"heading.default\">\n\t\t\t\t<div class=\"elementor-widget-container\">\n\t\t\t\t\t<h1 class=\"elementor-heading-title elementor-size-default\">Lesen Sie unsere Brosch\u00fcre - Ausgabe 2024<\/h1>\t\t\t\t<\/div>\n\t\t\t\t<\/div>\n\t\t\t\t<div class=\"elementor-element elementor-element-e607e13 elementor-widget elementor-widget-text-editor\" data-id=\"e607e13\" data-element_type=\"widget\" data-widget_type=\"text-editor.default\">\n\t\t\t\t<div class=\"elementor-widget-container\">\n\t\t\t\t\t\t\t\t\t<p>Entdecken Sie, was Polygone Ihnen zu bieten hat, indem Sie sich jetzt unsere Brosch\u00fcre ansehen! Unsere Brosch\u00fcre enth\u00e4lt Informationen \u00fcber unsere Produkte und Dienstleistungen, unser Engagement f\u00fcr Qualit\u00e4t und Sicherheit sowie konkrete Beispiele von Projekten. Es ist das ideale Werkzeug f\u00fcr Ihre zuk\u00fcnftigen Projekte.<\/p>\n\t\t\t\t\t\t\t\t<\/div>\n\t\t\t\t<\/div>\n\t\t\t\t<div class=\"elementor-element elementor-element-73ca128 elementor-button-align-stretch elementor-widget elementor-widget-form\" data-id=\"73ca128\" data-element_type=\"widget\" data-settings=\"{&quot;step_next_label&quot;:&quot;Weiter zu&quot;,&quot;step_previous_label&quot;:&quot;Vorherige&quot;,&quot;button_width&quot;:&quot;100&quot;,&quot;step_type&quot;:&quot;number_text&quot;,&quot;step_icon_shape&quot;:&quot;circle&quot;}\" data-widget_type=\"form.default\">\n\t\t\t\t<div class=\"elementor-widget-container\">\n\t\t\t\t\t\t\t<form class=\"elementor-form\" method=\"post\" name=\"Herunterladen der Brosch\u00fcre\" aria-label=\"Herunterladen der Brosch\u00fcre\">\n\t\t\t<input type=\"hidden\" name=\"post_id\" value=\"16347\"\/>\n\t\t\t<input type=\"hidden\" name=\"form_id\" value=\"73ca128\"\/>\n\t\t\t<input type=\"hidden\" name=\"referer_title\" value=\"Polygone\" \/>\n\n\t\t\t\n\t\t\t<div class=\"elementor-form-fields-wrapper elementor-labels-\">\n\t\t\t\t\t\t\t\t<div class=\"elementor-field-type-text elementor-field-group elementor-column elementor-field-group-prenom elementor-col-50\">\n\t\t\t\t\t\t\t\t\t\t\t\t<label for=\"form-field-prenom\" class=\"elementor-field-label elementor-screen-only\">\n\t\t\t\t\t\t\t\tVorname\t\t\t\t\t\t\t<\/label>\n\t\t\t\t\t\t\t\t\t\t\t\t\t\t<input size=\"1\" type=\"text\" name=\"form_fields[prenom]\" id=\"form-field-prenom\" class=\"elementor-field elementor-size-sm  elementor-field-textual\" placeholder=\"Vorname\">\n\t\t\t\t\t\t\t\t\t\t\t<\/div>\n\t\t\t\t\t\t\t\t<div class=\"elementor-field-type-text elementor-field-group elementor-column elementor-field-group-nom elementor-col-50\">\n\t\t\t\t\t\t\t\t\t\t\t\t<label for=\"form-field-nom\" class=\"elementor-field-label elementor-screen-only\">\n\t\t\t\t\t\t\t\tName\t\t\t\t\t\t\t<\/label>\n\t\t\t\t\t\t\t\t\t\t\t\t\t\t<input size=\"1\" type=\"text\" name=\"form_fields[nom]\" id=\"form-field-nom\" class=\"elementor-field elementor-size-sm  elementor-field-textual\" placeholder=\"Name\">\n\t\t\t\t\t\t\t\t\t\t\t<\/div>\n\t\t\t\t\t\t\t\t<div class=\"elementor-field-type-email elementor-field-group elementor-column elementor-field-group-email elementor-col-100 elementor-field-required\">\n\t\t\t\t\t\t\t\t\t\t\t\t<label for=\"form-field-email\" class=\"elementor-field-label elementor-screen-only\">\n\t\t\t\t\t\t\t\tE-Mail\t\t\t\t\t\t\t<\/label>\n\t\t\t\t\t\t\t\t\t\t\t\t\t\t<input size=\"1\" type=\"email\" name=\"form_fields[email]\" id=\"form-field-email\" class=\"elementor-field elementor-size-sm  elementor-field-textual\" placeholder=\"E-Mail*.\" required=\"required\">\n\t\t\t\t\t\t\t\t\t\t\t<\/div>\n\t\t\t\t\t\t\t\t<div class=\"elementor-field-type-text elementor-field-group elementor-column elementor-field-group-telephone elementor-col-100\">\n\t\t\t\t\t\t\t\t\t\t\t\t<label for=\"form-field-telephone\" class=\"elementor-field-label elementor-screen-only\">\n\t\t\t\t\t\t\t\tTelefon\t\t\t\t\t\t\t<\/label>\n\t\t\t\t\t\t\t\t\t\t\t\t\t\t<input size=\"1\" type=\"text\" name=\"form_fields[telephone]\" id=\"form-field-telephone\" class=\"elementor-field elementor-size-sm  elementor-field-textual\" placeholder=\"Telefon\">\n\t\t\t\t\t\t\t\t\t\t\t<\/div>\n\t\t\t\t\t\t\t\t<div class=\"elementor-field-type-text elementor-field-group elementor-column elementor-field-group-field_4f3333b elementor-col-100\">\n\t\t\t\t\t\t\t\t\t\t\t\t<label for=\"form-field-field_4f3333b\" class=\"elementor-field-label elementor-screen-only\">\n\t\t\t\t\t\t\t\tUnternehmen\t\t\t\t\t\t\t<\/label>\n\t\t\t\t\t\t\t\t\t\t\t\t\t\t<input size=\"1\" type=\"text\" name=\"form_fields[field_4f3333b]\" id=\"form-field-field_4f3333b\" class=\"elementor-field elementor-size-sm  elementor-field-textual\" placeholder=\"Unternehmen\">\n\t\t\t\t\t\t\t\t\t\t\t<\/div>\n\t\t\t\t\t\t\t\t<div class=\"elementor-field-type-acceptance elementor-field-group elementor-column elementor-field-group-field_6a78571 elementor-col-100 elementor-field-required\">\n\t\t\t\t\t\t\t\t\t\t\t\t<label for=\"form-field-field_6a78571\" class=\"elementor-field-label elementor-screen-only\">\n\t\t\t\t\t\t\t\tDatenschutzrichtlinie\t\t\t\t\t\t\t<\/label>\n\t\t\t\t\t\t\t\t<div class=\"elementor-field-subgroup\">\n\t\t\t<span class=\"elementor-field-option\">\n\t\t\t\t<input type=\"checkbox\" name=\"form_fields[field_6a78571]\" id=\"form-field-field_6a78571\" class=\"elementor-field elementor-size-sm  elementor-acceptance-field\" required=\"required\">\n\t\t\t\t<label for=\"form-field-field_6a78571\">Ich habe die <a href=\"https:\/\/polygone.lu\/de\/datenschutzrichtlinie\">Datenschutzbestimmungen<\/a> gelesen und akzeptiere sie.<\/label>\t\t\t<\/span>\n\t\t<\/div>\n\t\t\t\t\t\t<\/div>\n\t\t\t\t\t\t\t\t<div class=\"elementor-field-group elementor-column elementor-field-type-submit elementor-col-100 e-form__buttons\">\n\t\t\t\t\t<button class=\"elementor-button elementor-size-sm\" type=\"submit\">\n\t\t\t\t\t\t<span class=\"elementor-button-content-wrapper\">\n\t\t\t\t\t\t\t\t\t\t\t\t\t\t\t\t\t\t\t\t\t\t<span class=\"elementor-button-text\">Zur Brosch\u00fcre<\/span>\n\t\t\t\t\t\t\t\t\t\t\t\t\t<\/span>\n\t\t\t\t\t<\/button>\n\t\t\t\t<\/div>\n\t\t\t<\/div>\n\t\t<\/form>\n\t\t\t\t\t\t<\/div>\n\t\t\t\t<\/div>\n\t\t\t\t<\/div>\n\t\t\t\t\t<\/div>\n\t\t\t\t<\/div>\n\t\t\t\t<\/div>\n\t\t","protected":false},"excerpt":{"rendered":"<p>Lesen Sie unsere Brosch\u00fcre &#8211; Ausgabe 2024 Entdecken Sie, was Polygone Ihnen zu bieten hat, indem Sie sich jetzt unsere Brosch\u00fcre ansehen! Unsere Brosch\u00fcre enth\u00e4lt Informationen \u00fcber unsere Produkte und Dienstleistungen, unser Engagement f\u00fcr Qualit\u00e4t und Sicherheit sowie konkrete Beispiele von Projekten. Es ist das ideale Werkzeug f\u00fcr Ihre zuk\u00fcnftigen Projekte.<\/p>\n","protected":false},"author":1,"featured_media":0,"parent":0,"menu_order":0,"comment_status":"closed","ping_status":"closed","template":"","meta":{"footnotes":""},"class_list":["post-16347","page","type-page","status-publish","hentry"],"yoast_head":"<!-- This site is optimized with the Yoast SEO plugin v26.7 - https:\/\/yoast.com\/wordpress\/plugins\/seo\/ -->\n<title>Brosch\u00fcren - Polygone<\/title>\n<meta name=\"description\" content=\"Entdecken Sie alles, was Polygone Ihnen zu bieten hat, indem Sie sich jetzt unsere Brosch\u00fcre ansehen!\" \/>\n<meta name=\"robots\" content=\"index, follow, max-snippet:-1, max-image-preview:large, max-video-preview:-1\" \/>\n<meta property=\"og:locale\" content=\"de_DE\" \/>\n<meta property=\"og:type\" content=\"article\" \/>\n<meta property=\"og:title\" content=\"Brosch\u00fcren - Polygone\" \/>\n<meta property=\"og:description\" content=\"Entdecken Sie alles, was Polygone Ihnen zu bieten hat, indem Sie sich jetzt unsere Brosch\u00fcre ansehen!\" \/>\n<meta property=\"og:url\" content=\"https:\/\/polygone.lu\/de\/broschueren\" \/>\n<meta property=\"og:site_name\" content=\"Polygone\" \/>\n<meta property=\"article:publisher\" content=\"https:\/\/www.facebook.com\/profile.php?id=100063632797610\" \/>\n<meta property=\"article:modified_time\" content=\"2026-02-19T11:31:02+00:00\" \/>\n<meta property=\"og:image\" content=\"https:\/\/polygone.lu\/wp-content\/uploads\/2024\/02\/brochure-polygone-1.png\" \/>\n\t<meta property=\"og:image:width\" content=\"750\" \/>\n\t<meta property=\"og:image:height\" content=\"1000\" \/>\n\t<meta property=\"og:image:type\" content=\"image\/png\" \/>\n<meta name=\"twitter:card\" content=\"summary_large_image\" \/>\n<meta name=\"twitter:label1\" content=\"Gesch\u00e4tzte Lesezeit\" \/>\n\t<meta name=\"twitter:data1\" content=\"1\u00a0Minute\" \/>\n<script type=\"application\/ld+json\" class=\"yoast-schema-graph\">{\"@context\":\"https:\/\/schema.org\",\"@graph\":[{\"@type\":\"WebPage\",\"@id\":\"https:\/\/polygone.lu\/de\/broschueren\",\"url\":\"https:\/\/polygone.lu\/de\/broschueren\",\"name\":\"Brosch\u00fcren - Polygone\",\"isPartOf\":{\"@id\":\"https:\/\/polygone.lu\/de#website\"},\"primaryImageOfPage\":{\"@id\":\"https:\/\/polygone.lu\/de\/broschueren#primaryimage\"},\"image\":{\"@id\":\"https:\/\/polygone.lu\/de\/broschueren#primaryimage\"},\"thumbnailUrl\":\"https:\/\/polygone.lu\/wp-content\/uploads\/2024\/02\/brochure-polygone-1.png\",\"datePublished\":\"2023-12-26T18:58:06+00:00\",\"dateModified\":\"2026-02-19T11:31:02+00:00\",\"description\":\"Entdecken Sie alles, was Polygone Ihnen zu bieten hat, indem Sie sich jetzt unsere Brosch\u00fcre ansehen!\",\"breadcrumb\":{\"@id\":\"https:\/\/polygone.lu\/de\/broschueren#breadcrumb\"},\"inLanguage\":\"de\",\"potentialAction\":[{\"@type\":\"ReadAction\",\"target\":[\"https:\/\/polygone.lu\/de\/broschueren\"]}]},{\"@type\":\"ImageObject\",\"inLanguage\":\"de\",\"@id\":\"https:\/\/polygone.lu\/de\/broschueren#primaryimage\",\"url\":\"https:\/\/polygone.lu\/wp-content\/uploads\/2024\/02\/brochure-polygone-1.png\",\"contentUrl\":\"https:\/\/polygone.lu\/wp-content\/uploads\/2024\/02\/brochure-polygone-1.png\"},{\"@type\":\"BreadcrumbList\",\"@id\":\"https:\/\/polygone.lu\/de\/broschueren#breadcrumb\",\"itemListElement\":[{\"@type\":\"ListItem\",\"position\":1,\"name\":\"Accueil\",\"item\":\"https:\/\/polygone.lu\/de\/startseite\"},{\"@type\":\"ListItem\",\"position\":2,\"name\":\"Brosch\u00fcren\"}]},{\"@type\":\"WebSite\",\"@id\":\"https:\/\/polygone.lu\/de#website\",\"url\":\"https:\/\/polygone.lu\/de\",\"name\":\"Polygone\",\"description\":\"Des m\u00e9tiers, des id\u00e9es, un engagement\",\"publisher\":{\"@id\":\"https:\/\/polygone.lu\/de#organization\"},\"potentialAction\":[{\"@type\":\"SearchAction\",\"target\":{\"@type\":\"EntryPoint\",\"urlTemplate\":\"https:\/\/polygone.lu\/de?s={search_term_string}\"},\"query-input\":{\"@type\":\"PropertyValueSpecification\",\"valueRequired\":true,\"valueName\":\"search_term_string\"}}],\"inLanguage\":\"de\"},{\"@type\":\"Organization\",\"@id\":\"https:\/\/polygone.lu\/de#organization\",\"name\":\"Polygone\",\"url\":\"https:\/\/polygone.lu\/de\",\"logo\":{\"@type\":\"ImageObject\",\"inLanguage\":\"de\",\"@id\":\"https:\/\/polygone.lu\/de#\/schema\/logo\/image\/\",\"url\":\"https:\/\/polygone.lu\/wp-content\/uploads\/2023\/12\/Polygone-Logo.jpg\",\"contentUrl\":\"https:\/\/polygone.lu\/wp-content\/uploads\/2023\/12\/Polygone-Logo.jpg\",\"width\":550,\"height\":117,\"caption\":\"Polygone\"},\"image\":{\"@id\":\"https:\/\/polygone.lu\/de#\/schema\/logo\/image\/\"},\"sameAs\":[\"https:\/\/www.facebook.com\/profile.php?id=100063632797610\",\"https:\/\/www.linkedin.com\/company\/polygoneluxembourg\/\"]}]}<\/script>\n<!-- \/ Yoast SEO plugin. -->","yoast_head_json":{"title":"Brosch\u00fcren - Polygone","description":"Entdecken Sie alles, was Polygone Ihnen zu bieten hat, indem Sie sich jetzt unsere Brosch\u00fcre ansehen!","robots":{"index":"index","follow":"follow","max-snippet":"max-snippet:-1","max-image-preview":"max-image-preview:large","max-video-preview":"max-video-preview:-1"},"og_locale":"de_DE","og_type":"article","og_title":"Brosch\u00fcren - Polygone","og_description":"Entdecken Sie alles, was Polygone Ihnen zu bieten hat, indem Sie sich jetzt unsere Brosch\u00fcre ansehen!","og_url":"https:\/\/polygone.lu\/de\/broschueren","og_site_name":"Polygone","article_publisher":"https:\/\/www.facebook.com\/profile.php?id=100063632797610","article_modified_time":"2026-02-19T11:31:02+00:00","og_image":[{"width":750,"height":1000,"url":"https:\/\/polygone.lu\/wp-content\/uploads\/2024\/02\/brochure-polygone-1.png","type":"image\/png"}],"twitter_card":"summary_large_image","twitter_misc":{"Gesch\u00e4tzte Lesezeit":"1\u00a0Minute"},"schema":{"@context":"https:\/\/schema.org","@graph":[{"@type":"WebPage","@id":"https:\/\/polygone.lu\/de\/broschueren","url":"https:\/\/polygone.lu\/de\/broschueren","name":"Brosch\u00fcren - Polygone","isPartOf":{"@id":"https:\/\/polygone.lu\/de#website"},"primaryImageOfPage":{"@id":"https:\/\/polygone.lu\/de\/broschueren#primaryimage"},"image":{"@id":"https:\/\/polygone.lu\/de\/broschueren#primaryimage"},"thumbnailUrl":"https:\/\/polygone.lu\/wp-content\/uploads\/2024\/02\/brochure-polygone-1.png","datePublished":"2023-12-26T18:58:06+00:00","dateModified":"2026-02-19T11:31:02+00:00","description":"Entdecken Sie alles, was Polygone Ihnen zu bieten hat, indem Sie sich jetzt unsere Brosch\u00fcre ansehen!","breadcrumb":{"@id":"https:\/\/polygone.lu\/de\/broschueren#breadcrumb"},"inLanguage":"de","potentialAction":[{"@type":"ReadAction","target":["https:\/\/polygone.lu\/de\/broschueren"]}]},{"@type":"ImageObject","inLanguage":"de","@id":"https:\/\/polygone.lu\/de\/broschueren#primaryimage","url":"https:\/\/polygone.lu\/wp-content\/uploads\/2024\/02\/brochure-polygone-1.png","contentUrl":"https:\/\/polygone.lu\/wp-content\/uploads\/2024\/02\/brochure-polygone-1.png"},{"@type":"BreadcrumbList","@id":"https:\/\/polygone.lu\/de\/broschueren#breadcrumb","itemListElement":[{"@type":"ListItem","position":1,"name":"Accueil","item":"https:\/\/polygone.lu\/de\/startseite"},{"@type":"ListItem","position":2,"name":"Brosch\u00fcren"}]},{"@type":"WebSite","@id":"https:\/\/polygone.lu\/de#website","url":"https:\/\/polygone.lu\/de","name":"Polygone","description":"Des m\u00e9tiers, des id\u00e9es, un engagement","publisher":{"@id":"https:\/\/polygone.lu\/de#organization"},"potentialAction":[{"@type":"SearchAction","target":{"@type":"EntryPoint","urlTemplate":"https:\/\/polygone.lu\/de?s={search_term_string}"},"query-input":{"@type":"PropertyValueSpecification","valueRequired":true,"valueName":"search_term_string"}}],"inLanguage":"de"},{"@type":"Organization","@id":"https:\/\/polygone.lu\/de#organization","name":"Polygone","url":"https:\/\/polygone.lu\/de","logo":{"@type":"ImageObject","inLanguage":"de","@id":"https:\/\/polygone.lu\/de#\/schema\/logo\/image\/","url":"https:\/\/polygone.lu\/wp-content\/uploads\/2023\/12\/Polygone-Logo.jpg","contentUrl":"https:\/\/polygone.lu\/wp-content\/uploads\/2023\/12\/Polygone-Logo.jpg","width":550,"height":117,"caption":"Polygone"},"image":{"@id":"https:\/\/polygone.lu\/de#\/schema\/logo\/image\/"},"sameAs":["https:\/\/www.facebook.com\/profile.php?id=100063632797610","https:\/\/www.linkedin.com\/company\/polygoneluxembourg\/"]}]}},"_links":{"self":[{"href":"https:\/\/polygone.lu\/de\/wp-json\/wp\/v2\/pages\/16347","targetHints":{"allow":["GET"]}}],"collection":[{"href":"https:\/\/polygone.lu\/de\/wp-json\/wp\/v2\/pages"}],"about":[{"href":"https:\/\/polygone.lu\/de\/wp-json\/wp\/v2\/types\/page"}],"author":[{"embeddable":true,"href":"https:\/\/polygone.lu\/de\/wp-json\/wp\/v2\/users\/1"}],"replies":[{"embeddable":true,"href":"https:\/\/polygone.lu\/de\/wp-json\/wp\/v2\/comments?post=16347"}],"version-history":[{"count":1,"href":"https:\/\/polygone.lu\/de\/wp-json\/wp\/v2\/pages\/16347\/revisions"}],"predecessor-version":[{"id":18654,"href":"https:\/\/polygone.lu\/de\/wp-json\/wp\/v2\/pages\/16347\/revisions\/18654"}],"wp:attachment":[{"href":"https:\/\/polygone.lu\/de\/wp-json\/wp\/v2\/media?parent=16347"}],"curies":[{"name":"wp","href":"https:\/\/api.w.org\/{rel}","templated":true}]}}