{"id":17106,"date":"2024-11-27T14:15:53","date_gmt":"2024-11-27T12:15:53","guid":{"rendered":"https:\/\/polygone.lu\/?page_id=17106"},"modified":"2025-03-26T14:50:31","modified_gmt":"2025-03-26T12:50:31","slug":"umfrage","status":"publish","type":"page","link":"https:\/\/polygone.lu\/de\/umfrage","title":{"rendered":"Umfrage"},"content":{"rendered":"\t\t<div data-elementor-type=\"wp-page\" data-elementor-id=\"17106\" class=\"elementor elementor-17106 elementor-16922\" data-elementor-post-type=\"page\">\n\t\t\t\t<div class=\"elementor-element elementor-element-501af1a e-flex e-con-boxed e-con e-parent\" data-id=\"501af1a\" data-element_type=\"container\" data-settings=\"{&quot;jet_parallax_layout_list&quot;:[],&quot;background_background&quot;:&quot;classic&quot;}\">\n\t\t\t\t\t<div class=\"e-con-inner\">\n\t\t\t\t<div class=\"elementor-element elementor-element-85dcaa9 elementor-widget elementor-widget-heading\" data-id=\"85dcaa9\" data-element_type=\"widget\" data-widget_type=\"heading.default\">\n\t\t\t\t<div class=\"elementor-widget-container\">\n\t\t\t\t\t<h1 class=\"elementor-heading-title elementor-size-default\">Ihre Meinung ist uns wichtig<\/h1>\t\t\t\t<\/div>\n\t\t\t\t<\/div>\n\t\t\t\t<div class=\"elementor-element elementor-element-23dc9f3 elementor-widget elementor-widget-text-editor\" data-id=\"23dc9f3\" data-element_type=\"widget\" data-widget_type=\"text-editor.default\">\n\t\t\t\t<div class=\"elementor-widget-container\">\n\t\t\t\t\t\t\t\t\t<p>Sagen Sie uns Ihre Meinung zu den Inhalten dieser Website. Sie k\u00f6nnen uns einen Kommentar hinterlassen, in dem Sie uns mitteilen, was wir verbessern k\u00f6nnen. Sie erhalten keine Antwort auf Ihren Kommentar. Nutzen Sie das Kontaktformular f\u00fcr spezielle Fragen.   <\/p>\n<p>Die mit einem Stern (*) gekennzeichneten Felder m\u00fcssen ausgef\u00fcllt werden.<\/p>\n\t\t\t\t\t\t\t\t<\/div>\n\t\t\t\t<\/div>\n\t\t\t\t<div class=\"elementor-element elementor-element-747ff80 fluentform-widget-submit-button-full-width fluent-form-widget-step-header-yes fluent-form-widget-step-progressbar-yes elementor-widget elementor-widget-fluent-form-widget\" data-id=\"747ff80\" data-element_type=\"widget\" data-widget_type=\"fluent-form-widget.default\">\n\t\t\t\t<div class=\"elementor-widget-container\">\n\t\t\t\t\t\n            <div class=\"fluentform-widget-wrapper fluentform-widget-align-default\">\n\n            \n            <div class='fluentform ff-default fluentform_wrapper_1 ffs_default_wrap'><form data-form_id=\"1\" id=\"fluentform_1\" class=\"frm-fluent-form fluent_form_1 ff-el-form-top ff_form_instance_1_1 ff-form-loading ffs_default\" data-form_instance=\"ff_form_instance_1_1\" method=\"POST\" ><fieldset  style=\"border: none!important;margin: 0!important;padding: 0!important;background-color: transparent!important;box-shadow: none!important;outline: none!important; min-inline-size: 100%;\">\n                    <legend class=\"ff_screen_reader_title\" style=\"display: block; margin: 0!important;padding: 0!important;height: 0!important;text-indent: -999999px;width: 0!important;overflow:hidden;\">FR - Enqu\u00eate de satisfaction<\/legend><p style=\"display: none !important;\" class=\"akismet-fields-container\" data-prefix=\"ak_\"><label>&#916;<textarea name=\"ak_hp_textarea\" cols=\"45\" rows=\"8\" maxlength=\"100\"><\/textarea><\/label><input type=\"hidden\" id=\"ak_js_1\" name=\"ak_js\" value=\"211\"\/><script>document.getElementById( \"ak_js_1\" ).setAttribute( \"value\", ( new Date() ).getTime() );<\/script><\/p>        <div\n                style=\"display: none!important; position: absolute!important; transform: translateX(1000%)!important;\"\n                class=\"ff-el-group ff-hpsf-container\"\n        >\n            <div class=\"ff-el-input--label asterisk-right\">\n                <label for=\"ff_1_item_sf\" aria-label=\"Updates\">\n                    Updates                <\/label>\n            <\/div>\n            <div class=\"ff-el-input--content\">\n                <input type=\"text\"\n                       name=\"item_1__fluent_sf\"\n                       class=\"ff-el-form-control\"\n                       id=\"ff_1_item_sf\"\n                \/>\n            <\/div>\n        <\/div>\n                <input type=\"hidden\" id=\"__fluent_protection_token_1\" class=\"fluent-form-token-field\" name=\"__fluent_protection_token_1\">\n        <input type='hidden' name='__fluent_form_embded_post_id' value='17106' \/><input type=\"hidden\" id=\"_fluentform_1_fluentformnonce\" name=\"_fluentform_1_fluentformnonce\" value=\"2802e92e51\" \/><input type=\"hidden\" name=\"_wp_http_referer\" value=\"\/de\/wp-json\/wp\/v2\/pages\/17106\" \/><div class='ff-el-group'><div class=\"ff-el-input--label ff-el-is-required asterisk-right\"><label   aria-label=\"Avez-vous trouv\u00e9 ce que vous cherchiez ?\">Avez-vous trouv\u00e9 ce que vous cherchiez ? <\/label><\/div><div class='ff-el-input--content'><div class='ff-el-form-check ff-el-form-check-'><label class='ff-el-form-check-label' for='input_radio_7e7abb8d96cbf4bbcc1f7e3a379911b4'><input  type=\"radio\" name=\"input_radio\" data-name=\"input_radio\" class=\"ff-el-form-check-input ff-el-form-check-radio\" value=\"Oui\"  id='input_radio_7e7abb8d96cbf4bbcc1f7e3a379911b4' aria-label='Oui' aria-invalid='false' aria-required=true> <span>Oui<\/span><\/label><\/div><div class='ff-el-form-check ff-el-form-check-'><label class='ff-el-form-check-label' for='input_radio_aff1c8052fa519f47ffd2d8062fa89a1'><input  type=\"radio\" name=\"input_radio\" data-name=\"input_radio\" class=\"ff-el-form-check-input ff-el-form-check-radio\" value=\"En partie\"  id='input_radio_aff1c8052fa519f47ffd2d8062fa89a1' aria-label='En partie' aria-invalid='false' aria-required=true> <span>En partie<\/span><\/label><\/div><div class='ff-el-form-check ff-el-form-check-'><label class='ff-el-form-check-label' for='input_radio_ee758c2c7bc5b09c414153fa6d64b2b4'><input  type=\"radio\" name=\"input_radio\" data-name=\"input_radio\" class=\"ff-el-form-check-input ff-el-form-check-radio\" value=\"Non\"  id='input_radio_ee758c2c7bc5b09c414153fa6d64b2b4' aria-label='Non' aria-invalid='false' aria-required=true> <span>Non<\/span><\/label><\/div><\/div><\/div><div class='ff-el-group'><div class=\"ff-el-input--label ff-el-is-required asterisk-right\"><label   aria-label=\"Comment \u00e9valuez-vous ce site web ?\">Comment \u00e9valuez-vous ce site web ? <\/label><\/div><div class='ff-el-input--content'><div class='ff-el-ratings jss-ff-el-ratings' role='radiogroup'><label for=ratings_e9db63bdce9c206176d28e119c8dbaf0 class=''><input name=\"ratings\" data-name=\"ratings\" type=\"radio\"  id=ratings_e9db63bdce9c206176d28e119c8dbaf0 aria-valuenow='1' value='1' aria-required=true aria-invalid='false'><?xml version=\"1.0\" encoding=\"iso-8859-1\"?><svg class=\"jss-ff-svg ff-svg\" version=\"1.1\" xmlns=\"http:\/\/www.w3.org\/2000\/svg\" xmlns:xlink=\"http:\/\/www.w3.org\/1999\/xlink\" x=\"0px\" y=\"0px\" viewBox=\"0 0 53.867 53.867\" style=\"enable-background:new 0 0 53.867 53.867;\" xml:space=\"preserve\"><polygon points=\"26.934,1.318 35.256,18.182 53.867,20.887 40.4,34.013 43.579,52.549 26.934,43.798 10.288,52.549 13.467,34.013 0,20.887 18.611,18.182 \"\/><g><\/g><g><\/g><g><\/g><g><\/g><g><\/g><g><\/g><g><\/g><g><\/g><g><\/g><g><\/g><g><\/g><g><\/g><g><\/g><g><\/g><g><\/g><\/svg><\/label><label for=ratings_e9aa2de2b446e1ee21a7354beefcbcfa class=''><input name=\"ratings\" data-name=\"ratings\" type=\"radio\"  id=ratings_e9aa2de2b446e1ee21a7354beefcbcfa aria-valuenow='2' value='2' aria-required=true aria-invalid='false'><?xml version=\"1.0\" encoding=\"iso-8859-1\"?><svg class=\"jss-ff-svg ff-svg\" version=\"1.1\" xmlns=\"http:\/\/www.w3.org\/2000\/svg\" xmlns:xlink=\"http:\/\/www.w3.org\/1999\/xlink\" x=\"0px\" y=\"0px\" viewBox=\"0 0 53.867 53.867\" style=\"enable-background:new 0 0 53.867 53.867;\" xml:space=\"preserve\"><polygon points=\"26.934,1.318 35.256,18.182 53.867,20.887 40.4,34.013 43.579,52.549 26.934,43.798 10.288,52.549 13.467,34.013 0,20.887 18.611,18.182 \"\/><g><\/g><g><\/g><g><\/g><g><\/g><g><\/g><g><\/g><g><\/g><g><\/g><g><\/g><g><\/g><g><\/g><g><\/g><g><\/g><g><\/g><g><\/g><\/svg><\/label><label for=ratings_0dc82549dd49e5b3efa98c30bf88c6b1 class=''><input name=\"ratings\" data-name=\"ratings\" type=\"radio\"  id=ratings_0dc82549dd49e5b3efa98c30bf88c6b1 aria-valuenow='3' value='3' aria-required=true aria-invalid='false'><?xml version=\"1.0\" encoding=\"iso-8859-1\"?><svg class=\"jss-ff-svg ff-svg\" version=\"1.1\" xmlns=\"http:\/\/www.w3.org\/2000\/svg\" xmlns:xlink=\"http:\/\/www.w3.org\/1999\/xlink\" x=\"0px\" y=\"0px\" viewBox=\"0 0 53.867 53.867\" style=\"enable-background:new 0 0 53.867 53.867;\" xml:space=\"preserve\"><polygon points=\"26.934,1.318 35.256,18.182 53.867,20.887 40.4,34.013 43.579,52.549 26.934,43.798 10.288,52.549 13.467,34.013 0,20.887 18.611,18.182 \"\/><g><\/g><g><\/g><g><\/g><g><\/g><g><\/g><g><\/g><g><\/g><g><\/g><g><\/g><g><\/g><g><\/g><g><\/g><g><\/g><g><\/g><g><\/g><\/svg><\/label><label for=ratings_ac8e3b48d0c1c914fbe426d0c448fc7e class=''><input name=\"ratings\" data-name=\"ratings\" type=\"radio\"  id=ratings_ac8e3b48d0c1c914fbe426d0c448fc7e aria-valuenow='4' value='4' aria-required=true aria-invalid='false'><?xml version=\"1.0\" encoding=\"iso-8859-1\"?><svg class=\"jss-ff-svg ff-svg\" version=\"1.1\" xmlns=\"http:\/\/www.w3.org\/2000\/svg\" xmlns:xlink=\"http:\/\/www.w3.org\/1999\/xlink\" x=\"0px\" y=\"0px\" viewBox=\"0 0 53.867 53.867\" style=\"enable-background:new 0 0 53.867 53.867;\" xml:space=\"preserve\"><polygon points=\"26.934,1.318 35.256,18.182 53.867,20.887 40.4,34.013 43.579,52.549 26.934,43.798 10.288,52.549 13.467,34.013 0,20.887 18.611,18.182 \"\/><g><\/g><g><\/g><g><\/g><g><\/g><g><\/g><g><\/g><g><\/g><g><\/g><g><\/g><g><\/g><g><\/g><g><\/g><g><\/g><g><\/g><g><\/g><\/svg><\/label><label for=ratings_149862442f20b5109b5e01dfc3e3f52e class=''><input name=\"ratings\" data-name=\"ratings\" type=\"radio\"  id=ratings_149862442f20b5109b5e01dfc3e3f52e aria-valuenow='5' value='5' aria-required=true aria-invalid='false'><?xml version=\"1.0\" encoding=\"iso-8859-1\"?><svg class=\"jss-ff-svg ff-svg\" version=\"1.1\" xmlns=\"http:\/\/www.w3.org\/2000\/svg\" xmlns:xlink=\"http:\/\/www.w3.org\/1999\/xlink\" x=\"0px\" y=\"0px\" viewBox=\"0 0 53.867 53.867\" style=\"enable-background:new 0 0 53.867 53.867;\" xml:space=\"preserve\"><polygon points=\"26.934,1.318 35.256,18.182 53.867,20.887 40.4,34.013 43.579,52.549 26.934,43.798 10.288,52.549 13.467,34.013 0,20.887 18.611,18.182 \"\/><g><\/g><g><\/g><g><\/g><g><\/g><g><\/g><g><\/g><g><\/g><g><\/g><g><\/g><g><\/g><g><\/g><g><\/g><g><\/g><g><\/g><g><\/g><\/svg><\/label><\/div><\/div><\/div><div class='ff-el-group'><div class=\"ff-el-input--label ff-el-is-required asterisk-right\"><label for='ff_1_message' id='label_ff_1_message' aria-label=\"Comment pouvons-nous l&#039;am\u00e9liorer ?\">Comment pouvons-nous l'am\u00e9liorer ? <\/label><\/div><div class='ff-el-input--content'><textarea aria-required=\"true\" aria-labelledby=\"label_ff_1_message\" name=\"message\" id=\"ff_1_message\" class=\"ff-el-form-control\" placeholder=\"Ecrivez un commentaire et aidez-nous \u00e0 am\u00e9liorer ce site.\" rows=\"4\" cols=\"2\" data-name=\"message\" ><\/textarea><\/div><\/div><div class='ff-el-group'><div class=\"ff-el-input--label ff-el-is-required asterisk-right\"><label   aria-label=\"Protection des donn\u00e9es\">Protection des donn\u00e9es<\/label><\/div><div class='ff-el-input--content'><div class='ff-el-form-check ff-el-form-check-'><label class='ff-el-form-check-label' for='checkbox_21b9c36120038efbc5c43d7c838672ca'><input  type=\"checkbox\" name=\"checkbox[]\" data-name=\"checkbox\" class=\"ff-el-form-check-input ff-el-form-check-checkbox\" value=\"J&#039;accepte la politique de Protection des donn\u00e9es\"  id='checkbox_21b9c36120038efbc5c43d7c838672ca' aria-label='J&#039;accepte la politique de Protection des donn\u00e9es' aria-invalid='false' aria-required=true> <span>J'accepte la politique de Protection des donn\u00e9es<\/span><\/label><\/div><\/div><\/div><div class='ff-el-group ' ><div class='ff-el-input--content'><div data-fluent_id='1' name='g-recaptcha-response'><div\n\t\tdata-sitekey='6LepTRcqAAAAADW86xFMgtZPPTv7Pf79Fj79eQIM'\n\t\tid='fluentform-recaptcha-1-1'\n\t\tclass='ff-el-recaptcha g-recaptcha'\n\t\tdata-callback='fluentFormrecaptchaSuccessCallback'><\/div><\/div><\/div><\/div><div class='ff-el-group ff-text-left ff_submit_btn_wrapper'><button type=\"submit\" class=\"ff-btn ff-btn-submit ff-btn-md ff_btn_style\"  aria-label=\"Soumettre mes r\u00e9ponses\">Soumettre mes r\u00e9ponses<\/button><\/div><\/fieldset><\/form><div id='fluentform_1_errors' class='ff-errors-in-stack ff_form_instance_1_1 ff-form-loading_errors ff_form_instance_1_1_errors'><\/div><\/div>            <script type=\"text\/javascript\">\n                window.fluent_form_ff_form_instance_1_1 = {\"id\":\"1\",\"settings\":{\"layout\":{\"labelPlacement\":\"top\",\"helpMessagePlacement\":\"with_label\",\"errorMessagePlacement\":\"inline\",\"cssClassName\":\"\",\"asteriskPlacement\":\"asterisk-right\"},\"restrictions\":{\"denyEmptySubmission\":{\"enabled\":false}}},\"form_instance\":\"ff_form_instance_1_1\",\"form_id_selector\":\"fluentform_1\",\"rules\":{\"input_radio\":{\"required\":{\"value\":true,\"message\":\"Ce champ est obligatoire\",\"global_message\":\"Ce champ est obligatoire\",\"global\":true}},\"ratings\":{\"required\":{\"value\":true,\"message\":\"Ce champ est obligatoire\",\"global_message\":\"Ce champ est obligatoire\",\"global\":true}},\"message\":{\"required\":{\"value\":true,\"message\":\"This field is required\",\"global\":false,\"global_message\":\"Ce champ est obligatoire\"}},\"checkbox\":{\"required\":{\"value\":true,\"message\":\"Ce champ est obligatoire\",\"global_message\":\"Ce champ est obligatoire\",\"global\":true}}},\"debounce_time\":300};\n                            <\/script>\n                        <\/div>\n\n            \t\t\t\t<\/div>\n\t\t\t\t<\/div>\n\t\t\t\t\t<\/div>\n\t\t\t\t<\/div>\n\t\t\t\t<\/div>\n\t\t","protected":false},"excerpt":{"rendered":"<p>Ihre Meinung ist uns wichtig Sagen Sie uns Ihre Meinung zu den Inhalten dieser Website. Sie k\u00f6nnen uns einen Kommentar hinterlassen, in dem Sie uns mitteilen, was wir verbessern k\u00f6nnen. Sie erhalten keine Antwort auf Ihren Kommentar. Nutzen Sie das Kontaktformular f\u00fcr spezielle Fragen. Die mit einem Stern (*) gekennzeichneten Felder m\u00fcssen ausgef\u00fcllt werden. FR [&hellip;]<\/p>\n","protected":false},"author":1,"featured_media":0,"parent":0,"menu_order":0,"comment_status":"closed","ping_status":"closed","template":"","meta":{"footnotes":""},"class_list":["post-17106","page","type-page","status-publish","hentry"],"yoast_head":"<!-- This site is optimized with the Yoast SEO plugin v27.4 - https:\/\/yoast.com\/product\/yoast-seo-wordpress\/ -->\n<title>Umfrage - Polygone<\/title>\n<meta name=\"robots\" content=\"noindex, nofollow\" \/>\n<meta property=\"og:locale\" content=\"de_DE\" \/>\n<meta property=\"og:type\" content=\"article\" \/>\n<meta property=\"og:title\" content=\"Umfrage - Polygone\" \/>\n<meta property=\"og:description\" content=\"Ihre Meinung ist uns wichtig Sagen Sie uns Ihre Meinung zu den Inhalten dieser Website. Sie k\u00f6nnen uns einen Kommentar hinterlassen, in dem Sie uns mitteilen, was wir verbessern k\u00f6nnen. Sie erhalten keine Antwort auf Ihren Kommentar. Nutzen Sie das Kontaktformular f\u00fcr spezielle Fragen. Die mit einem Stern (*) gekennzeichneten Felder m\u00fcssen ausgef\u00fcllt werden. FR [&hellip;]\" \/>\n<meta property=\"og:url\" content=\"https:\/\/polygone.lu\/de\/umfrage\" \/>\n<meta property=\"og:site_name\" content=\"Polygone\" \/>\n<meta property=\"article:publisher\" content=\"https:\/\/www.facebook.com\/profile.php?id=100063632797610\" \/>\n<meta property=\"article:modified_time\" content=\"2025-03-26T12:50:31+00:00\" \/>\n<meta property=\"og:image\" content=\"https:\/\/polygone.lu\/wp-content\/uploads\/2024\/03\/Logo-Polygone.jpg\" \/>\n\t<meta property=\"og:image:width\" content=\"500\" \/>\n\t<meta property=\"og:image:height\" content=\"333\" \/>\n\t<meta property=\"og:image:type\" content=\"image\/jpeg\" \/>\n<meta name=\"twitter:card\" content=\"summary_large_image\" \/>\n<meta name=\"twitter:label1\" content=\"Gesch\u00e4tzte Lesezeit\" \/>\n\t<meta name=\"twitter:data1\" content=\"1\u00a0Minute\" \/>\n<script type=\"application\/ld+json\" class=\"yoast-schema-graph\">{\"@context\":\"https:\\\/\\\/schema.org\",\"@graph\":[{\"@type\":\"WebPage\",\"@id\":\"https:\\\/\\\/polygone.lu\\\/de\\\/umfrage\",\"url\":\"https:\\\/\\\/polygone.lu\\\/de\\\/umfrage\",\"name\":\"Umfrage - Polygone\",\"isPartOf\":{\"@id\":\"https:\\\/\\\/polygone.lu\\\/de#website\"},\"datePublished\":\"2024-11-27T12:15:53+00:00\",\"dateModified\":\"2025-03-26T12:50:31+00:00\",\"breadcrumb\":{\"@id\":\"https:\\\/\\\/polygone.lu\\\/de\\\/umfrage#breadcrumb\"},\"inLanguage\":\"de\",\"potentialAction\":[{\"@type\":\"ReadAction\",\"target\":[\"https:\\\/\\\/polygone.lu\\\/de\\\/umfrage\"]}]},{\"@type\":\"BreadcrumbList\",\"@id\":\"https:\\\/\\\/polygone.lu\\\/de\\\/umfrage#breadcrumb\",\"itemListElement\":[{\"@type\":\"ListItem\",\"position\":1,\"name\":\"Accueil\",\"item\":\"https:\\\/\\\/polygone.lu\\\/de\\\/startseite\"},{\"@type\":\"ListItem\",\"position\":2,\"name\":\"Umfrage\"}]},{\"@type\":\"WebSite\",\"@id\":\"https:\\\/\\\/polygone.lu\\\/de#website\",\"url\":\"https:\\\/\\\/polygone.lu\\\/de\",\"name\":\"Polygone\",\"description\":\"Des m\u00e9tiers, des id\u00e9es, un engagement\",\"publisher\":{\"@id\":\"https:\\\/\\\/polygone.lu\\\/de#organization\"},\"potentialAction\":[{\"@type\":\"SearchAction\",\"target\":{\"@type\":\"EntryPoint\",\"urlTemplate\":\"https:\\\/\\\/polygone.lu\\\/de?s={search_term_string}\"},\"query-input\":{\"@type\":\"PropertyValueSpecification\",\"valueRequired\":true,\"valueName\":\"search_term_string\"}}],\"inLanguage\":\"de\"},{\"@type\":\"Organization\",\"@id\":\"https:\\\/\\\/polygone.lu\\\/de#organization\",\"name\":\"Polygone\",\"url\":\"https:\\\/\\\/polygone.lu\\\/de\",\"logo\":{\"@type\":\"ImageObject\",\"inLanguage\":\"de\",\"@id\":\"https:\\\/\\\/polygone.lu\\\/de#\\\/schema\\\/logo\\\/image\\\/\",\"url\":\"https:\\\/\\\/polygone.lu\\\/wp-content\\\/uploads\\\/2023\\\/12\\\/Polygone-Logo.jpg\",\"contentUrl\":\"https:\\\/\\\/polygone.lu\\\/wp-content\\\/uploads\\\/2023\\\/12\\\/Polygone-Logo.jpg\",\"width\":550,\"height\":117,\"caption\":\"Polygone\"},\"image\":{\"@id\":\"https:\\\/\\\/polygone.lu\\\/de#\\\/schema\\\/logo\\\/image\\\/\"},\"sameAs\":[\"https:\\\/\\\/www.facebook.com\\\/profile.php?id=100063632797610\",\"https:\\\/\\\/www.linkedin.com\\\/company\\\/polygoneluxembourg\\\/\"]}]}<\/script>\n<!-- \/ Yoast SEO plugin. -->","yoast_head_json":{"title":"Umfrage - Polygone","robots":{"index":"noindex","follow":"nofollow"},"og_locale":"de_DE","og_type":"article","og_title":"Umfrage - Polygone","og_description":"Ihre Meinung ist uns wichtig Sagen Sie uns Ihre Meinung zu den Inhalten dieser Website. Sie k\u00f6nnen uns einen Kommentar hinterlassen, in dem Sie uns mitteilen, was wir verbessern k\u00f6nnen. Sie erhalten keine Antwort auf Ihren Kommentar. Nutzen Sie das Kontaktformular f\u00fcr spezielle Fragen. Die mit einem Stern (*) gekennzeichneten Felder m\u00fcssen ausgef\u00fcllt werden. FR [&hellip;]","og_url":"https:\/\/polygone.lu\/de\/umfrage","og_site_name":"Polygone","article_publisher":"https:\/\/www.facebook.com\/profile.php?id=100063632797610","article_modified_time":"2025-03-26T12:50:31+00:00","og_image":[{"width":500,"height":333,"url":"https:\/\/polygone.lu\/wp-content\/uploads\/2024\/03\/Logo-Polygone.jpg","type":"image\/jpeg"}],"twitter_card":"summary_large_image","twitter_misc":{"Gesch\u00e4tzte Lesezeit":"1\u00a0Minute"},"schema":{"@context":"https:\/\/schema.org","@graph":[{"@type":"WebPage","@id":"https:\/\/polygone.lu\/de\/umfrage","url":"https:\/\/polygone.lu\/de\/umfrage","name":"Umfrage - Polygone","isPartOf":{"@id":"https:\/\/polygone.lu\/de#website"},"datePublished":"2024-11-27T12:15:53+00:00","dateModified":"2025-03-26T12:50:31+00:00","breadcrumb":{"@id":"https:\/\/polygone.lu\/de\/umfrage#breadcrumb"},"inLanguage":"de","potentialAction":[{"@type":"ReadAction","target":["https:\/\/polygone.lu\/de\/umfrage"]}]},{"@type":"BreadcrumbList","@id":"https:\/\/polygone.lu\/de\/umfrage#breadcrumb","itemListElement":[{"@type":"ListItem","position":1,"name":"Accueil","item":"https:\/\/polygone.lu\/de\/startseite"},{"@type":"ListItem","position":2,"name":"Umfrage"}]},{"@type":"WebSite","@id":"https:\/\/polygone.lu\/de#website","url":"https:\/\/polygone.lu\/de","name":"Polygone","description":"Des m\u00e9tiers, des id\u00e9es, un engagement","publisher":{"@id":"https:\/\/polygone.lu\/de#organization"},"potentialAction":[{"@type":"SearchAction","target":{"@type":"EntryPoint","urlTemplate":"https:\/\/polygone.lu\/de?s={search_term_string}"},"query-input":{"@type":"PropertyValueSpecification","valueRequired":true,"valueName":"search_term_string"}}],"inLanguage":"de"},{"@type":"Organization","@id":"https:\/\/polygone.lu\/de#organization","name":"Polygone","url":"https:\/\/polygone.lu\/de","logo":{"@type":"ImageObject","inLanguage":"de","@id":"https:\/\/polygone.lu\/de#\/schema\/logo\/image\/","url":"https:\/\/polygone.lu\/wp-content\/uploads\/2023\/12\/Polygone-Logo.jpg","contentUrl":"https:\/\/polygone.lu\/wp-content\/uploads\/2023\/12\/Polygone-Logo.jpg","width":550,"height":117,"caption":"Polygone"},"image":{"@id":"https:\/\/polygone.lu\/de#\/schema\/logo\/image\/"},"sameAs":["https:\/\/www.facebook.com\/profile.php?id=100063632797610","https:\/\/www.linkedin.com\/company\/polygoneluxembourg\/"]}]}},"_links":{"self":[{"href":"https:\/\/polygone.lu\/de\/wp-json\/wp\/v2\/pages\/17106","targetHints":{"allow":["GET"]}}],"collection":[{"href":"https:\/\/polygone.lu\/de\/wp-json\/wp\/v2\/pages"}],"about":[{"href":"https:\/\/polygone.lu\/de\/wp-json\/wp\/v2\/types\/page"}],"author":[{"embeddable":true,"href":"https:\/\/polygone.lu\/de\/wp-json\/wp\/v2\/users\/1"}],"replies":[{"embeddable":true,"href":"https:\/\/polygone.lu\/de\/wp-json\/wp\/v2\/comments?post=17106"}],"version-history":[{"count":0,"href":"https:\/\/polygone.lu\/de\/wp-json\/wp\/v2\/pages\/17106\/revisions"}],"wp:attachment":[{"href":"https:\/\/polygone.lu\/de\/wp-json\/wp\/v2\/media?parent=17106"}],"curies":[{"name":"wp","href":"https:\/\/api.w.org\/{rel}","templated":true}]}}